{"id":22,"date":"2020-12-02T22:52:44","date_gmt":"2020-12-02T21:52:44","guid":{"rendered":"http:\/\/cote-jardins-solidaires.fr\/jardinwp\/?page_id=22"},"modified":"2025-10-15T15:48:59","modified_gmt":"2025-10-15T13:48:59","slug":"contact","status":"publish","type":"page","link":"https:\/\/cote-jardins-solidaires.fr\/index.php\/contact\/","title":{"rendered":"Infos Utiles"},"content":{"rendered":"\n<h2 class=\"wp-block-heading\"><em>C\u00f4t\u00e9 Jardins Solidaires<\/em><\/h2>\n\n\n\n<p><strong>Adresse Local<strong> :&nbsp;<\/strong><\/strong>2 cours Nemausus 30000 N\u00eemes : <a href=\"https:\/\/maps.app.goo.gl\/WwERNMpWJeP9FwvH8\" data-type=\"link\" data-id=\"https:\/\/maps.app.goo.gl\/WwERNMpWJeP9FwvH8\">lien Google Maps<\/a><\/p>\n\n\n\n<p><strong>Adresse Jardin<strong> :&nbsp;<\/strong><\/strong> 206 avenue Mend\u00e8s France, route d\u2019Arles<\/p>\n\n\n\n<p>Bus N\u00b0 9, arr\u00eat Platanettes<\/p>\n\n\n\n<p>Jardin ouvert de 9h00 \u00e0 12h00, du lundi au vendredi : <a href=\"https:\/\/maps.app.goo.gl\/5BRbw6B9j8S525KC6\" data-type=\"link\" data-id=\"https:\/\/maps.app.goo.gl\/5BRbw6B9j8S525KC6\">lien Google Maps<\/a><\/p>\n\n\n\n<p><strong>T\u00e9l\u00e9phone :&nbsp;<\/strong>04 66 84 51 99<\/p>\n\n\n\n<p><strong>Courriel&nbsp;:&nbsp;<\/strong><a href=\"mailto:cotejardinsolidaire@samuelvincent.fr\" target=\"_blank\" rel=\"noreferrer noopener\">cotejardinsolidaire@samuelvincent.fr<\/a><strong><\/strong><\/p>\n\n\n\n<p><strong>Site internet&nbsp;:&nbsp;<\/strong><a href=\"http:\/\/www.cote-jardins-solidaires.fr\/\" target=\"_blank\" rel=\"noreferrer noopener\">www.cote-jardins-solidaires.fr<\/a><\/p>\n\n\n\n<p><strong>Facebook<\/strong> :&nbsp;<a href=\"https:\/\/m.facebook.com\/cotejardinssolidaires\">cotejardinssolidaires<\/a><\/p>\n\n\n\n<p><strong>Instagram<\/strong> : <a href=\"https:\/\/www.instagram.com\/cotejardinssolidaires\/\">https:\/\/www.instagram.com\/cotejardinssolidaires\/<\/a><\/p>\n\n\n\n<p>Visites, Animations, Ateliers, vente de l\u00e9gumes, fleurs et plantes sur r\u00e9servation&nbsp;: <a href=\"mailto:cotejardinsolidaire@samuelvincent.fr\" target=\"_blank\" rel=\"noreferrer noopener\">cotejardinsolidaire@samuelvincent.fr<\/a><\/p>\n\n\n\n<p><strong>Pour la r\u00e9servation de la Table d\u2019H\u00f4te du Mardi&nbsp;:<\/strong><\/p>\n\n\n\n<ul class=\"wp-block-list\">\n<li><strong>T\u00e9l :&nbsp;<\/strong>06 46 40 29 19<\/li>\n\n\n\n<li><strong>Adresse mail&nbsp;:&nbsp;<\/strong><a href=\"mailto:tabledhote.jardinsolidaire@gmail.com\" target=\"_blank\" rel=\"noreferrer noopener\">tabledhote.jardinsolidaire@gmail.com<\/a><\/li>\n<\/ul>\n\n\n\n<p><strong>Repas&nbsp;: <\/strong>Menu unique&nbsp; Entr\u00e9e \u2013 Plat \u2013Dessert- th\u00e9 ou caf\u00e9 <strong>TARIF : <\/strong>14 \u20ac, 12 \u20ac (adh\u00e9rents), 7\u20ac pour les b\u00e9n\u00e9ficiaires RSA.<\/p>\n\n\n\n<p><strong>Pour l\u2019Insertion T\u00e9l\u00a0: <\/strong>06 76 54 76 88 et 04 66 84 51 99<\/p>\n\n\n\n<p><strong>Fiche d\u2019orientation \u00e0 envoyer par mail \u00e0<\/strong>&nbsp;<a href=\"mailto:insertion.jardinsolidaire@gmail.com\">insertion.jardinsolidaire@gmail.com<\/a><\/p>\n\n\n\n<p><\/p>\n\n\n\n<h2 class=\"wp-block-heading\"><em>Association Samuel Vincent<\/em><\/h2>\n\n\n\n<p><strong>Coordonn\u00e9es&nbsp;:<\/strong><\/p>\n\n\n\n<p><strong>Adresse :<\/strong><strong>&nbsp;<\/strong>365 chemin de la combe des oiseaux 30900 N\u00eemes<\/p>\n\n\n\n<p><strong>T\u00e9l\u00e9phone&nbsp;:<\/strong><strong>&nbsp;<\/strong>04 66 38 84 00<strong><br><\/strong><strong>Courriel&nbsp;:&nbsp;<\/strong> <a href=\"mailto:secretariat@samuelvincent.fr\">secretariat@samuelvincent.fr<\/a><\/p>\n\n\n\n<p><strong>Site internet&nbsp;:&nbsp;<\/strong><a href=\"https:\/\/samuelvincent.fr\">https:\/\/samuelvincent.fr<\/a><\/p>\n\n\n\n<p><\/p>\n\n\n\n<p><\/p>\n","protected":false},"excerpt":{"rendered":"<p>C\u00f4t\u00e9 Jardins Solidaires Adresse Local :&nbsp;2 cours Nemausus 30000 N\u00eemes : lien Google Maps Adresse Jardin :&nbsp; 206 avenue Mend\u00e8s France, route d\u2019Arles Bus N\u00b0 9, arr\u00eat Platanettes Jardin ouvert de 9h00 \u00e0 12h00, du lundi au vendredi : lien Google Maps T\u00e9l\u00e9phone :&nbsp;04 66 84 51 99 Courriel&nbsp;:&nbsp;cotejardinsolidaire@samuelvincent.fr Site internet&nbsp;:&nbsp;www.cote-jardins-solidaires.fr Facebook :&nbsp;cotejardinssolidaires Instagram :<\/p>\n<p><a href=\"https:\/\/cote-jardins-solidaires.fr\/index.php\/contact\/\" class=\"more-link\">Lire la suite<\/a><\/p>\n","protected":false},"author":1,"featured_media":55,"parent":0,"menu_order":0,"comment_status":"closed","ping_status":"closed","template":"","meta":{"spay_email":"","footnotes":""},"class_list":["post-22","page","type-page","status-publish","has-post-thumbnail","hentry"],"_links":{"self":[{"href":"https:\/\/cote-jardins-solidaires.fr\/index.php\/wp-json\/wp\/v2\/pages\/22"}],"collection":[{"href":"https:\/\/cote-jardins-solidaires.fr\/index.php\/wp-json\/wp\/v2\/pages"}],"about":[{"href":"https:\/\/cote-jardins-solidaires.fr\/index.php\/wp-json\/wp\/v2\/types\/page"}],"author":[{"embeddable":true,"href":"https:\/\/cote-jardins-solidaires.fr\/index.php\/wp-json\/wp\/v2\/users\/1"}],"replies":[{"embeddable":true,"href":"https:\/\/cote-jardins-solidaires.fr\/index.php\/wp-json\/wp\/v2\/comments?post=22"}],"version-history":[{"count":20,"href":"https:\/\/cote-jardins-solidaires.fr\/index.php\/wp-json\/wp\/v2\/pages\/22\/revisions"}],"predecessor-version":[{"id":308,"href":"https:\/\/cote-jardins-solidaires.fr\/index.php\/wp-json\/wp\/v2\/pages\/22\/revisions\/308"}],"wp:featuredmedia":[{"embeddable":true,"href":"https:\/\/cote-jardins-solidaires.fr\/index.php\/wp-json\/wp\/v2\/media\/55"}],"wp:attachment":[{"href":"https:\/\/cote-jardins-solidaires.fr\/index.php\/wp-json\/wp\/v2\/media?parent=22"}],"curies":[{"name":"wp","href":"https:\/\/api.w.org\/{rel}","templated":true}]}}